{"id":1809,"date":"2024-07-23T16:27:32","date_gmt":"2024-07-23T19:27:33","guid":{"rendered":"https:\/\/politiacademy.com.br\/campanhas\/formulario-aplicacao-tracao\/"},"modified":"2025-09-24T10:59:32","modified_gmt":"2025-09-24T13:59:32","slug":"formulario","status":"publish","type":"page","link":"https:\/\/politiacademy.com.br\/campanhas\/tra\/formulario\/","title":{"rendered":"Formul\u00e1rio Aplica\u00e7\u00e3o &#8211; Tra\u00e7\u00e3o"},"content":{"rendered":"\t\t<div data-elementor-type=\"wp-page\" data-elementor-id=\"1809\" class=\"elementor elementor-1809\" data-elementor-post-type=\"page\">\n\t\t\t\t<div class=\"elementor-element elementor-element-27b4070b e-flex e-con-boxed e-con e-parent\" data-id=\"27b4070b\" data-element_type=\"container\" data-e-type=\"container\" data-settings=\"{&quot;background_background&quot;:&quot;classic&quot;}\">\n\t\t\t\t\t<div class=\"e-con-inner\">\n\t\t<div class=\"elementor-element elementor-element-214e508 e-con-full e-flex e-con e-child\" data-id=\"214e508\" data-element_type=\"container\" data-e-type=\"container\">\n\t\t\t\t<div class=\"elementor-element elementor-element-062d21a elementor-widget__width-initial elementor-widget-mobile__width-initial elementor-widget elementor-widget-heading\" data-id=\"062d21a\" data-element_type=\"widget\" data-e-type=\"widget\" data-widget_type=\"heading.default\">\n\t\t\t\t\t<h2 class=\"elementor-heading-title elementor-size-default\">Aplique para a Consultoria Tra\u00e7\u00e3o<\/h2>\t\t\t\t<\/div>\n\t\t\t\t<div class=\"elementor-element elementor-element-b4b98b2 elementor-widget__width-initial elementor-widget-mobile__width-initial elementor-widget elementor-widget-heading\" data-id=\"b4b98b2\" data-element_type=\"widget\" data-e-type=\"widget\" data-widget_type=\"heading.default\">\n\t\t\t\t\t<h2 class=\"elementor-heading-title elementor-size-default\">O preenchimento deste formul\u00e1rio n\u00e3o garante sua aceita\u00e7\u00e3o na Consultoria Tra\u00e7\u00e3o - selecionamos todos os membros a dedo.\n<br><br>\nSe entendermos que seu perfil \u00e9 qualificado para estar no nosso grupo de elite, vamos entrar em contato para marcar uma entrevista curta de mais ou menos 1 hora. O objetivo dessa entrevista \u00e9 entender o momento atual do seu neg\u00f3cio e mostrar como vamos plugar nossa metodologia na sua opera\u00e7\u00e3o para solucionar seus principais problemas.<\/h2>\t\t\t\t<\/div>\n\t\t\t\t<div class=\"elementor-element elementor-element-bf8fa61 elementor-widget elementor-widget-shortcode\" data-id=\"bf8fa61\" data-element_type=\"widget\" data-e-type=\"widget\" data-widget_type=\"shortcode.default\">\n\t\t\t\t\t\t\t<div class=\"elementor-shortcode\"><typebot-standard id=\"KpHYVWT2Ot\" style=\"width: 100%; height: 600px;\"><\/typebot-standard><script type=\"module\">\n    import Typebot from \"https:\/\/cdn.jsdelivr.net\/npm\/@typebot.io\/js@0.2.83\/dist\/web.js\"\n    const urlParams = new URLSearchParams(window.location.search);\n    const queryParams = Object.fromEntries(urlParams.entries());\n    Typebot.initStandard({ apiHost: \"https:\/\/bot.politiacademy.cloud\", wsHost: \"partykit.typebot.io\", id: \"KpHYVWT2Ot\", typebot: \"tra-aplica-o-t5w4z58\", prefilledVariables: { ...window.typebotWpUser, ...queryParams } });<\/script><\/div>\n\t\t\t\t\t\t<\/div>\n\t\t\t\t<\/div>\n\t\t\t\t\t<\/div>\n\t\t\t\t<\/div>\n\t\t<div class=\"elementor-element elementor-element-109ca961 e-flex e-con-boxed e-con e-parent\" data-id=\"109ca961\" data-element_type=\"container\" data-e-type=\"container\">\n\t\t\t\t\t<div class=\"e-con-inner\">\n\t\t<div class=\"elementor-element elementor-element-26bc5a70 e-con-full e-flex e-con e-child\" data-id=\"26bc5a70\" data-element_type=\"container\" data-e-type=\"container\">\n\t\t\t\t<\/div>\n\t\t<div class=\"elementor-element elementor-element-34a52264 e-con-full e-flex e-con e-child\" data-id=\"34a52264\" data-element_type=\"container\" data-e-type=\"container\">\n\t\t<div class=\"elementor-element elementor-element-428c85d4 e-con-full e-flex e-con e-child\" data-id=\"428c85d4\" data-element_type=\"container\" data-e-type=\"container\">\n\t\t\t\t<div class=\"elementor-element elementor-element-563684a4 elementor-widget elementor-widget-image\" data-id=\"563684a4\" data-element_type=\"widget\" data-e-type=\"widget\" data-widget_type=\"image.default\">\n\t\t\t\t\t\t\t\t\t\t\t\t\t\t\t<img fetchpriority=\"high\" decoding=\"async\" width=\"658\" height=\"110\" src=\"https:\/\/politiacademy.com.br\/campanhas\/wp-content\/uploads\/sites\/2\/2024\/07\/logo-p-fundo-claro.png\" class=\"attachment-large size-large wp-image-8\" alt=\"\" srcset=\"https:\/\/politiacademy.com.br\/campanhas\/wp-content\/uploads\/sites\/2\/2024\/07\/logo-p-fundo-claro.png 658w, https:\/\/politiacademy.com.br\/campanhas\/wp-content\/uploads\/sites\/2\/2024\/07\/logo-p-fundo-claro-300x50.png 300w\" sizes=\"(max-width: 658px) 100vw, 658px\" \/>\t\t\t\t\t\t\t\t\t\t\t\t\t\t\t<\/div>\n\t\t\t\t<\/div>\n\t\t<div class=\"elementor-element elementor-element-35e67c0d e-con-full e-flex e-con e-child\" data-id=\"35e67c0d\" data-element_type=\"container\" data-e-type=\"container\">\n\t\t\t\t<div class=\"elementor-element elementor-element-44087ec9 elementor-widget__width-initial elementor-widget elementor-widget-text-editor\" data-id=\"44087ec9\" data-element_type=\"widget\" data-e-type=\"widget\" data-widget_type=\"text-editor.default\">\n\t\t\t\t\t\t\t\t\t<p>\u00a9 Copyright \u2013 Marcelo Politi | POLITI ACADEMY EDITORA E TREINAMENTOS LTDA<br \/>CNPJ 60.179.950\/0001-57 \u2013 Todos os direitos reservados<\/p>\t\t\t\t\t\t\t\t<\/div>\n\t\t\t\t<\/div>\n\t\t\t\t<\/div>\n\t\t<div class=\"elementor-element elementor-element-949f93 e-con-full e-flex e-con e-child\" data-id=\"949f93\" data-element_type=\"container\" data-e-type=\"container\">\n\t\t\t\t<\/div>\n\t\t\t\t\t<\/div>\n\t\t\t\t<\/div>\n\t\t\t\t<\/div>\n\t\t","protected":false},"excerpt":{"rendered":"<p>Aplique para a Consultoria Tra\u00e7\u00e3o O preenchimento deste formul\u00e1rio n\u00e3o garante sua aceita\u00e7\u00e3o na Consultoria Tra\u00e7\u00e3o &#8211; selecionamos todos os membros a dedo. Se entendermos que seu perfil \u00e9 qualificado para estar no nosso grupo de elite, vamos entrar em contato para marcar uma entrevista curta de mais ou menos 1 hora. O objetivo dessa [&hellip;]<\/p>\n","protected":false},"author":7,"featured_media":0,"parent":2013,"menu_order":2,"comment_status":"closed","ping_status":"closed","template":"elementor_canvas","meta":{"_joinchat":[],"footnotes":""},"class_list":["post-1809","page","type-page","status-publish","hentry"],"yoast_head":"<!-- This site is optimized with the Yoast SEO plugin v27.6 - https:\/\/yoast.com\/product\/yoast-seo-wordpress\/ -->\n<title>Formul\u00e1rio Aplica\u00e7\u00e3o - Tra\u00e7\u00e3o - Campanhas<\/title>\n<meta name=\"robots\" content=\"index, follow, max-snippet:-1, max-image-preview:large, max-video-preview:-1\" \/>\n<link rel=\"canonical\" href=\"https:\/\/politiacademy.com.br\/campanhas\/tra\/formulario\/\" \/>\n<meta property=\"og:locale\" content=\"pt_BR\" \/>\n<meta property=\"og:type\" content=\"article\" \/>\n<meta property=\"og:title\" content=\"Formul\u00e1rio Aplica\u00e7\u00e3o - Tra\u00e7\u00e3o - Campanhas\" \/>\n<meta property=\"og:description\" content=\"Aplique para a Consultoria Tra\u00e7\u00e3o O preenchimento deste formul\u00e1rio n\u00e3o garante sua aceita\u00e7\u00e3o na Consultoria Tra\u00e7\u00e3o &#8211; selecionamos todos os membros a dedo. Se entendermos que seu perfil \u00e9 qualificado para estar no nosso grupo de elite, vamos entrar em contato para marcar uma entrevista curta de mais ou menos 1 hora. O objetivo dessa [&hellip;]\" \/>\n<meta property=\"og:url\" content=\"https:\/\/politiacademy.com.br\/campanhas\/tra\/formulario\/\" \/>\n<meta property=\"og:site_name\" content=\"Campanhas\" \/>\n<meta property=\"article:modified_time\" content=\"2025-09-24T13:59:32+00:00\" \/>\n<meta property=\"og:image\" content=\"https:\/\/politiacademy.com.br\/campanhas\/wp-content\/uploads\/sites\/2\/2024\/07\/logo-p-fundo-claro.png\" \/>\n\t<meta property=\"og:image:width\" content=\"658\" \/>\n\t<meta property=\"og:image:height\" content=\"110\" \/>\n\t<meta property=\"og:image:type\" content=\"image\/png\" \/>\n<meta name=\"twitter:card\" content=\"summary_large_image\" \/>\n<meta name=\"twitter:label1\" content=\"Est. tempo de leitura\" \/>\n\t<meta name=\"twitter:data1\" content=\"1 minuto\" \/>\n<script type=\"application\/ld+json\" class=\"yoast-schema-graph\">{\"@context\":\"https:\\\/\\\/schema.org\",\"@graph\":[{\"@type\":\"WebPage\",\"@id\":\"https:\\\/\\\/politiacademy.com.br\\\/campanhas\\\/tra\\\/formulario\\\/\",\"url\":\"https:\\\/\\\/politiacademy.com.br\\\/campanhas\\\/tra\\\/formulario\\\/\",\"name\":\"Formul\u00e1rio Aplica\u00e7\u00e3o - Tra\u00e7\u00e3o - Campanhas\",\"isPartOf\":{\"@id\":\"https:\\\/\\\/politiacademy.com.br\\\/campanhas\\\/#website\"},\"primaryImageOfPage\":{\"@id\":\"https:\\\/\\\/politiacademy.com.br\\\/campanhas\\\/tra\\\/formulario\\\/#primaryimage\"},\"image\":{\"@id\":\"https:\\\/\\\/politiacademy.com.br\\\/campanhas\\\/tra\\\/formulario\\\/#primaryimage\"},\"thumbnailUrl\":\"https:\\\/\\\/politiacademy.com.br\\\/campanhas\\\/wp-content\\\/uploads\\\/sites\\\/2\\\/2024\\\/07\\\/logo-p-fundo-claro.png\",\"datePublished\":\"2024-07-23T19:27:33+00:00\",\"dateModified\":\"2025-09-24T13:59:32+00:00\",\"breadcrumb\":{\"@id\":\"https:\\\/\\\/politiacademy.com.br\\\/campanhas\\\/tra\\\/formulario\\\/#breadcrumb\"},\"inLanguage\":\"pt-BR\",\"potentialAction\":[{\"@type\":\"ReadAction\",\"target\":[\"https:\\\/\\\/politiacademy.com.br\\\/campanhas\\\/tra\\\/formulario\\\/\"]}]},{\"@type\":\"ImageObject\",\"inLanguage\":\"pt-BR\",\"@id\":\"https:\\\/\\\/politiacademy.com.br\\\/campanhas\\\/tra\\\/formulario\\\/#primaryimage\",\"url\":\"https:\\\/\\\/politiacademy.com.br\\\/campanhas\\\/wp-content\\\/uploads\\\/sites\\\/2\\\/2024\\\/07\\\/logo-p-fundo-claro.png\",\"contentUrl\":\"https:\\\/\\\/politiacademy.com.br\\\/campanhas\\\/wp-content\\\/uploads\\\/sites\\\/2\\\/2024\\\/07\\\/logo-p-fundo-claro.png\",\"width\":658,\"height\":110},{\"@type\":\"BreadcrumbList\",\"@id\":\"https:\\\/\\\/politiacademy.com.br\\\/campanhas\\\/tra\\\/formulario\\\/#breadcrumb\",\"itemListElement\":[{\"@type\":\"ListItem\",\"position\":1,\"name\":\"In\u00edcio\",\"item\":\"https:\\\/\\\/politiacademy.com.br\\\/campanhas\\\/\"},{\"@type\":\"ListItem\",\"position\":2,\"name\":\"Tra\u00e7\u00e3o &#8211; Funil de Aplica\u00e7\u00e3o\",\"item\":\"https:\\\/\\\/politiacademy.com.br\\\/campanhas\\\/tra\\\/\"},{\"@type\":\"ListItem\",\"position\":3,\"name\":\"Formul\u00e1rio Aplica\u00e7\u00e3o &#8211; Tra\u00e7\u00e3o\"}]},{\"@type\":\"WebSite\",\"@id\":\"https:\\\/\\\/politiacademy.com.br\\\/campanhas\\\/#website\",\"url\":\"https:\\\/\\\/politiacademy.com.br\\\/campanhas\\\/\",\"name\":\"Campanhas\",\"description\":\"\",\"potentialAction\":[{\"@type\":\"SearchAction\",\"target\":{\"@type\":\"EntryPoint\",\"urlTemplate\":\"https:\\\/\\\/politiacademy.com.br\\\/campanhas\\\/?s={search_term_string}\"},\"query-input\":{\"@type\":\"PropertyValueSpecification\",\"valueRequired\":true,\"valueName\":\"search_term_string\"}}],\"inLanguage\":\"pt-BR\"}]}<\/script>\n<!-- \/ Yoast SEO plugin. -->","yoast_head_json":{"title":"Formul\u00e1rio Aplica\u00e7\u00e3o - Tra\u00e7\u00e3o - Campanhas","robots":{"index":"index","follow":"follow","max-snippet":"max-snippet:-1","max-image-preview":"max-image-preview:large","max-video-preview":"max-video-preview:-1"},"canonical":"https:\/\/politiacademy.com.br\/campanhas\/tra\/formulario\/","og_locale":"pt_BR","og_type":"article","og_title":"Formul\u00e1rio Aplica\u00e7\u00e3o - Tra\u00e7\u00e3o - Campanhas","og_description":"Aplique para a Consultoria Tra\u00e7\u00e3o O preenchimento deste formul\u00e1rio n\u00e3o garante sua aceita\u00e7\u00e3o na Consultoria Tra\u00e7\u00e3o &#8211; selecionamos todos os membros a dedo. Se entendermos que seu perfil \u00e9 qualificado para estar no nosso grupo de elite, vamos entrar em contato para marcar uma entrevista curta de mais ou menos 1 hora. O objetivo dessa [&hellip;]","og_url":"https:\/\/politiacademy.com.br\/campanhas\/tra\/formulario\/","og_site_name":"Campanhas","article_modified_time":"2025-09-24T13:59:32+00:00","og_image":[{"width":658,"height":110,"url":"https:\/\/politiacademy.com.br\/campanhas\/wp-content\/uploads\/sites\/2\/2024\/07\/logo-p-fundo-claro.png","type":"image\/png"}],"twitter_card":"summary_large_image","twitter_misc":{"Est. tempo de leitura":"1 minuto"},"schema":{"@context":"https:\/\/schema.org","@graph":[{"@type":"WebPage","@id":"https:\/\/politiacademy.com.br\/campanhas\/tra\/formulario\/","url":"https:\/\/politiacademy.com.br\/campanhas\/tra\/formulario\/","name":"Formul\u00e1rio Aplica\u00e7\u00e3o - Tra\u00e7\u00e3o - Campanhas","isPartOf":{"@id":"https:\/\/politiacademy.com.br\/campanhas\/#website"},"primaryImageOfPage":{"@id":"https:\/\/politiacademy.com.br\/campanhas\/tra\/formulario\/#primaryimage"},"image":{"@id":"https:\/\/politiacademy.com.br\/campanhas\/tra\/formulario\/#primaryimage"},"thumbnailUrl":"https:\/\/politiacademy.com.br\/campanhas\/wp-content\/uploads\/sites\/2\/2024\/07\/logo-p-fundo-claro.png","datePublished":"2024-07-23T19:27:33+00:00","dateModified":"2025-09-24T13:59:32+00:00","breadcrumb":{"@id":"https:\/\/politiacademy.com.br\/campanhas\/tra\/formulario\/#breadcrumb"},"inLanguage":"pt-BR","potentialAction":[{"@type":"ReadAction","target":["https:\/\/politiacademy.com.br\/campanhas\/tra\/formulario\/"]}]},{"@type":"ImageObject","inLanguage":"pt-BR","@id":"https:\/\/politiacademy.com.br\/campanhas\/tra\/formulario\/#primaryimage","url":"https:\/\/politiacademy.com.br\/campanhas\/wp-content\/uploads\/sites\/2\/2024\/07\/logo-p-fundo-claro.png","contentUrl":"https:\/\/politiacademy.com.br\/campanhas\/wp-content\/uploads\/sites\/2\/2024\/07\/logo-p-fundo-claro.png","width":658,"height":110},{"@type":"BreadcrumbList","@id":"https:\/\/politiacademy.com.br\/campanhas\/tra\/formulario\/#breadcrumb","itemListElement":[{"@type":"ListItem","position":1,"name":"In\u00edcio","item":"https:\/\/politiacademy.com.br\/campanhas\/"},{"@type":"ListItem","position":2,"name":"Tra\u00e7\u00e3o &#8211; Funil de Aplica\u00e7\u00e3o","item":"https:\/\/politiacademy.com.br\/campanhas\/tra\/"},{"@type":"ListItem","position":3,"name":"Formul\u00e1rio Aplica\u00e7\u00e3o &#8211; Tra\u00e7\u00e3o"}]},{"@type":"WebSite","@id":"https:\/\/politiacademy.com.br\/campanhas\/#website","url":"https:\/\/politiacademy.com.br\/campanhas\/","name":"Campanhas","description":"","potentialAction":[{"@type":"SearchAction","target":{"@type":"EntryPoint","urlTemplate":"https:\/\/politiacademy.com.br\/campanhas\/?s={search_term_string}"},"query-input":{"@type":"PropertyValueSpecification","valueRequired":true,"valueName":"search_term_string"}}],"inLanguage":"pt-BR"}]}},"_links":{"self":[{"href":"https:\/\/politiacademy.com.br\/campanhas\/wp-json\/wp\/v2\/pages\/1809","targetHints":{"allow":["GET"]}}],"collection":[{"href":"https:\/\/politiacademy.com.br\/campanhas\/wp-json\/wp\/v2\/pages"}],"about":[{"href":"https:\/\/politiacademy.com.br\/campanhas\/wp-json\/wp\/v2\/types\/page"}],"author":[{"embeddable":true,"href":"https:\/\/politiacademy.com.br\/campanhas\/wp-json\/wp\/v2\/users\/7"}],"replies":[{"embeddable":true,"href":"https:\/\/politiacademy.com.br\/campanhas\/wp-json\/wp\/v2\/comments?post=1809"}],"version-history":[{"count":37,"href":"https:\/\/politiacademy.com.br\/campanhas\/wp-json\/wp\/v2\/pages\/1809\/revisions"}],"predecessor-version":[{"id":14659,"href":"https:\/\/politiacademy.com.br\/campanhas\/wp-json\/wp\/v2\/pages\/1809\/revisions\/14659"}],"up":[{"embeddable":true,"href":"https:\/\/politiacademy.com.br\/campanhas\/wp-json\/wp\/v2\/pages\/2013"}],"wp:attachment":[{"href":"https:\/\/politiacademy.com.br\/campanhas\/wp-json\/wp\/v2\/media?parent=1809"}],"curies":[{"name":"wp","href":"https:\/\/api.w.org\/{rel}","templated":true}]}}